{"id":551,"date":"2021-02-17T07:44:15","date_gmt":"2021-02-17T00:44:15","guid":{"rendered":"https:\/\/initutor.com\/?page_id=551"},"modified":"2026-05-07T21:41:55","modified_gmt":"2026-05-07T14:41:55","slug":"elementor-551","status":"publish","type":"page","link":"https:\/\/mts.ibadarrahman.ponpes.id\/en\/elementor-551\/","title":{"rendered":"Contoh Laman"},"content":{"rendered":"\t\t<div data-elementor-type=\"wp-page\" data-elementor-id=\"551\" class=\"elementor elementor-551\" data-elementor-post-type=\"page\">\n\t\t\t\t\t\t<section class=\"elementor-section elementor-top-section elementor-element elementor-element-ad23574 elementor-section-boxed elementor-section-height-default elementor-section-height-default\" data-id=\"ad23574\" data-element_type=\"section\" data-e-type=\"section\" data-settings=\"{&quot;background_background&quot;:&quot;classic&quot;}\">\n\t\t\t\t\t\t<div class=\"elementor-container elementor-column-gap-default\">\n\t\t\t\t\t<div class=\"elementor-column elementor-col-100 elementor-top-column elementor-element elementor-element-52883aa\" data-id=\"52883aa\" data-element_type=\"column\" data-e-type=\"column\">\n\t\t\t<div class=\"elementor-widget-wrap elementor-element-populated\">\n\t\t\t\t\t\t<section class=\"elementor-section elementor-inner-section elementor-element elementor-element-62a5446 elementor-section-boxed elementor-section-height-default elementor-section-height-default\" data-id=\"62a5446\" data-element_type=\"section\" data-e-type=\"section\">\n\t\t\t\t\t\t<div class=\"elementor-container elementor-column-gap-default\">\n\t\t\t\t\t<div class=\"elementor-column elementor-col-100 elementor-inner-column elementor-element elementor-element-7eb5639\" data-id=\"7eb5639\" data-element_type=\"column\" data-e-type=\"column\">\n\t\t\t<div class=\"elementor-widget-wrap elementor-element-populated\">\n\t\t\t\t\t\t<div class=\"elementor-element elementor-element-f5cec89 elementor-widget elementor-widget-heading\" data-id=\"f5cec89\" data-element_type=\"widget\" data-e-type=\"widget\" data-widget_type=\"heading.default\">\n\t\t\t\t<div class=\"elementor-widget-container\">\n\t\t\t\t\t<h2 class=\"elementor-heading-title elementor-size-default\">Testing Plugin WhatsApp<\/h2>\t\t\t\t<\/div>\n\t\t\t\t<\/div>\n\t\t\t\t\t<\/div>\n\t\t<\/div>\n\t\t\t\t\t<\/div>\n\t\t<\/section>\n\t\t\t\t<div class=\"elementor-element elementor-element-f8e41c5 elementor-widget elementor-widget-text-editor\" data-id=\"f8e41c5\" data-element_type=\"widget\" data-e-type=\"widget\" data-widget_type=\"text-editor.default\">\n\t\t\t\t<div class=\"elementor-widget-container\">\n\t\t\t\t\t\t\t\t\t<p>[whatspress_slider]<\/p>\t\t\t\t\t\t\t\t<\/div>\n\t\t\t\t<\/div>\n\t\t\t\t\t<\/div>\n\t\t<\/div>\n\t\t\t\t\t<\/div>\n\t\t<\/section>\n\t\t\t\t<section class=\"elementor-section elementor-top-section elementor-element elementor-element-2e1faad elementor-section-boxed elementor-section-height-default elementor-section-height-default\" data-id=\"2e1faad\" data-element_type=\"section\" data-e-type=\"section\" data-settings=\"{&quot;background_background&quot;:&quot;classic&quot;}\">\n\t\t\t\t\t\t<div class=\"elementor-container elementor-column-gap-default\">\n\t\t\t\t\t<div class=\"elementor-column elementor-col-100 elementor-top-column elementor-element elementor-element-3ea2be6\" data-id=\"3ea2be6\" data-element_type=\"column\" data-e-type=\"column\">\n\t\t\t<div class=\"elementor-widget-wrap elementor-element-populated\">\n\t\t\t\t\t\t<div class=\"elementor-element elementor-element-81a25ab elementor-widget elementor-widget-text-editor\" data-id=\"81a25ab\" data-element_type=\"widget\" data-e-type=\"widget\" data-widget_type=\"text-editor.default\">\n\t\t\t\t<div class=\"elementor-widget-container\">\n\t\t\t\t\t\t\t\t\t<p>[whatspress_products]<\/p>\t\t\t\t\t\t\t\t<\/div>\n\t\t\t\t<\/div>\n\t\t\t\t\t<\/div>\n\t\t<\/div>\n\t\t\t\t\t<\/div>\n\t\t<\/section>\n\t\t\t\t<section class=\"elementor-section elementor-top-section elementor-element elementor-element-9d2cdd4 elementor-section-boxed elementor-section-height-default elementor-section-height-default\" data-id=\"9d2cdd4\" data-element_type=\"section\" data-e-type=\"section\" data-settings=\"{&quot;background_background&quot;:&quot;classic&quot;}\">\n\t\t\t\t\t\t<div class=\"elementor-container elementor-column-gap-default\">\n\t\t\t\t\t<div class=\"elementor-column elementor-col-100 elementor-top-column elementor-element elementor-element-0c432e1\" data-id=\"0c432e1\" data-element_type=\"column\" data-e-type=\"column\">\n\t\t\t<div class=\"elementor-widget-wrap elementor-element-populated\">\n\t\t\t\t\t\t<div class=\"elementor-element elementor-element-196487a elementor-widget elementor-widget-heading\" data-id=\"196487a\" data-element_type=\"widget\" data-e-type=\"widget\" data-widget_type=\"heading.default\">\n\t\t\t\t<div class=\"elementor-widget-container\">\n\t\t\t\t\t<h3 class=\"elementor-heading-title elementor-size-default\">ini tutor<\/h3>\t\t\t\t<\/div>\n\t\t\t\t<\/div>\n\t\t\t\t\t<\/div>\n\t\t<\/div>\n\t\t\t\t\t<\/div>\n\t\t<\/section>\n\t\t\t\t<\/div>\n\t\t","protected":false},"excerpt":{"rendered":"<p>Testing Plugin WhatsApp [whatspress_slider] [whatspress_products] L&#8217;exp\u00e9rience offerte par twin casino se r\u00e9v\u00e8le progressivement \u00e0 travers une interface fluide et bien pens\u00e9e. Les options de retrait express permettent aux joueurs press\u00e9s de r\u00e9cup\u00e9rer leurs gains en un temps record. Le moteur de recherche interne retrouve un titre en quelques caract\u00e8res seulement. Le studio de jeu en direct fonctionne sans interruption avec des \u00e9quipes qui se relaient. Les options de mise progressive accompagnent les joueurs qui souhaitent monter en gamme prudemment. Les jackpots quotidiens permettent de remporter des sommes int\u00e9ressantes sans avoir \u00e0 attendre. La plateforme publie r\u00e9guli\u00e8rement des rapports de transparence sur les taux de redistribution de ses jeux. Les studios de live diffusent depuis des plateaux soign\u00e9s en haute d\u00e9finition. L&#8217;exp\u00e9rience nomade est aussi compl\u00e8te que la version bureau, sans aucune fonctionnalit\u00e9 retir\u00e9e. Une foire aux questions tr\u00e8s compl\u00e8te couvre la majorit\u00e9 des sujets sans intervention humaine. Le syst\u00e8me de paiement s\u00e9curis\u00e9 accepte les transactions via cartes bancaires et portefeuilles num\u00e9riques. Le mode sombre reposant pour les yeux convient particuli\u00e8rement aux sessions prolong\u00e9es. Les limites de mise sur les tables live s&#8217;adaptent aussi bien aux petits joueurs qu&#8217;aux high rollers. Le mode tournoi cr\u00e9e une \u00e9mulation suppl\u00e9mentaire entre les membres [&hellip;]<\/p>\n","protected":false},"author":3,"featured_media":0,"parent":0,"menu_order":0,"comment_status":"closed","ping_status":"closed","template":"","meta":[],"class_list":["post-551","page","type-page","status-publish","hentry"],"_links":{"self":[{"href":"https:\/\/mts.ibadarrahman.ponpes.id\/en\/wp-json\/wp\/v2\/pages\/551","targetHints":{"allow":["GET"]}}],"collection":[{"href":"https:\/\/mts.ibadarrahman.ponpes.id\/en\/wp-json\/wp\/v2\/pages"}],"about":[{"href":"https:\/\/mts.ibadarrahman.ponpes.id\/en\/wp-json\/wp\/v2\/types\/page"}],"author":[{"embeddable":true,"href":"https:\/\/mts.ibadarrahman.ponpes.id\/en\/wp-json\/wp\/v2\/users\/3"}],"replies":[{"embeddable":true,"href":"https:\/\/mts.ibadarrahman.ponpes.id\/en\/wp-json\/wp\/v2\/comments?post=551"}],"version-history":[{"count":3,"href":"https:\/\/mts.ibadarrahman.ponpes.id\/en\/wp-json\/wp\/v2\/pages\/551\/revisions"}],"predecessor-version":[{"id":7563,"href":"https:\/\/mts.ibadarrahman.ponpes.id\/en\/wp-json\/wp\/v2\/pages\/551\/revisions\/7563"}],"wp:attachment":[{"href":"https:\/\/mts.ibadarrahman.ponpes.id\/en\/wp-json\/wp\/v2\/media?parent=551"}],"curies":[{"name":"wp","href":"https:\/\/api.w.org\/{rel}","templated":true}]}}